{"id":3777,"date":"2025-02-07T01:28:11","date_gmt":"2025-02-07T00:28:11","guid":{"rendered":"http:\/\/localhost\/2025\/tchi\/wp\/v2\/index.php\/produit\/ensemble-bebe-garcon-de-02-pieces-2\/"},"modified":"2026-01-09T01:00:07","modified_gmt":"2026-01-09T00:00:07","slug":"ensemble-bebe-garcon-de-02-pieces-2","status":"publish","type":"product","link":"https:\/\/trendkidsalgerie.com\/index.php\/produit\/ensemble-bebe-garcon-de-02-pieces-2\/","title":{"rendered":"Ensemble b\u00e9b\u00e9 gar\u00e7on"},"content":{"rendered":"<p>Ensemble b\u00e9b\u00e9 gar\u00e7on de 02 pieces: chemise \u00e0 carreaux (blanc et bleu vert, blanc et bleu violet) 100% coton, pantalon en jean (bleu fonc\u00e9, noir) 95% cotton et 5% \u00e9lasthanne.<\/p>\n","protected":false},"excerpt":{"rendered":"<p>Craquez pour cet ensemble gar\u00e7on compos\u00e9 d&rsquo;une chemise \u00e0 carreaux et un pantalon en jean.<\/p>\n","protected":false},"featured_media":8457,"comment_status":"open","ping_status":"closed","template":"","meta":[],"product_brand":[],"product_cat":[53,78,76,54],"product_tag":[],"class_list":{"0":"post-3777","1":"product","2":"type-product","3":"status-publish","4":"has-post-thumbnail","6":"product_cat-bebe-fr","7":"product_cat-ensemble-fr","8":"product_cat-vetements-fr","9":"product_cat-vetements-bebe-garcon","10":"pa_couleur-bleu-vert","11":"pa_couleur-violet","12":"pa_taille-09-12-mois","13":"pa_taille-12-18-mois","14":"pa_taille-18-24-mois-2","16":"first","17":"instock","18":"taxable","19":"shipping-taxable","20":"purchasable","21":"product-type-variable"},"_links":{"self":[{"href":"https:\/\/trendkidsalgerie.com\/index.php\/wp-json\/wp\/v2\/product\/3777","targetHints":{"allow":["GET"]}}],"collection":[{"href":"https:\/\/trendkidsalgerie.com\/index.php\/wp-json\/wp\/v2\/product"}],"about":[{"href":"https:\/\/trendkidsalgerie.com\/index.php\/wp-json\/wp\/v2\/types\/product"}],"replies":[{"embeddable":true,"href":"https:\/\/trendkidsalgerie.com\/index.php\/wp-json\/wp\/v2\/comments?post=3777"}],"version-history":[{"count":5,"href":"https:\/\/trendkidsalgerie.com\/index.php\/wp-json\/wp\/v2\/product\/3777\/revisions"}],"predecessor-version":[{"id":8468,"href":"https:\/\/trendkidsalgerie.com\/index.php\/wp-json\/wp\/v2\/product\/3777\/revisions\/8468"}],"wp:featuredmedia":[{"embeddable":true,"href":"https:\/\/trendkidsalgerie.com\/index.php\/wp-json\/wp\/v2\/media\/8457"}],"wp:attachment":[{"href":"https:\/\/trendkidsalgerie.com\/index.php\/wp-json\/wp\/v2\/media?parent=3777"}],"wp:term":[{"taxonomy":"product_brand","embeddable":true,"href":"https:\/\/trendkidsalgerie.com\/index.php\/wp-json\/wp\/v2\/product_brand?post=3777"},{"taxonomy":"product_cat","embeddable":true,"href":"https:\/\/trendkidsalgerie.com\/index.php\/wp-json\/wp\/v2\/product_cat?post=3777"},{"taxonomy":"product_tag","embeddable":true,"href":"https:\/\/trendkidsalgerie.com\/index.php\/wp-json\/wp\/v2\/product_tag?post=3777"}],"curies":[{"name":"wp","href":"https:\/\/api.w.org\/{rel}","templated":true}]}}