{"id":3668,"date":"2025-02-07T01:02:46","date_gmt":"2025-02-07T00:02:46","guid":{"rendered":"http:\/\/localhost\/2025\/tchi\/wp\/v2\/index.php\/produit\/ensemble-bebe-fille-2\/"},"modified":"2025-02-12T13:14:23","modified_gmt":"2025-02-12T12:14:23","slug":"ensemble-bebe-fille-2","status":"publish","type":"product","link":"https:\/\/trendkidsalgerie.com\/index.php\/produit\/ensemble-bebe-fille-2\/","title":{"rendered":"Ensemble b\u00e9b\u00e9 fille"},"content":{"rendered":"<p>Ensemble b\u00e9b\u00e9 fifi de 03 pi\u00e8ces haut blanc sans manches, veste verte pistache et jupe boufante impim\u00e9e en fleurs tissu 70% cotonet 30% linen<\/p>\n","protected":false},"excerpt":{"rendered":"<p>Ensemble b\u00e9b\u00e9 fifi de 03 pi\u00e8ces haut blanc sans manches, veste verte pistache et jupe boufante impim\u00e9e en fleurs tissu<\/p>\n","protected":false},"featured_media":3557,"comment_status":"open","ping_status":"closed","template":"","meta":[],"product_brand":[],"product_cat":[53,78,76,55],"product_tag":[],"class_list":{"0":"post-3668","1":"product","2":"type-product","3":"status-publish","4":"has-post-thumbnail","6":"product_cat-bebe-fr","7":"product_cat-ensemble-fr","8":"product_cat-vetements-fr","9":"product_cat-vetements-bebe-fillette-fr","10":"pa_couleur-blanc","11":"pa_couleur-vert","12":"pa_taille-12-mois","13":"pa_taille-18-mois","15":"first","16":"instock","17":"taxable","18":"shipping-taxable","19":"purchasable","20":"product-type-variable"},"_links":{"self":[{"href":"https:\/\/trendkidsalgerie.com\/index.php\/wp-json\/wp\/v2\/product\/3668","targetHints":{"allow":["GET"]}}],"collection":[{"href":"https:\/\/trendkidsalgerie.com\/index.php\/wp-json\/wp\/v2\/product"}],"about":[{"href":"https:\/\/trendkidsalgerie.com\/index.php\/wp-json\/wp\/v2\/types\/product"}],"replies":[{"embeddable":true,"href":"https:\/\/trendkidsalgerie.com\/index.php\/wp-json\/wp\/v2\/comments?post=3668"}],"version-history":[{"count":4,"href":"https:\/\/trendkidsalgerie.com\/index.php\/wp-json\/wp\/v2\/product\/3668\/revisions"}],"predecessor-version":[{"id":5241,"href":"https:\/\/trendkidsalgerie.com\/index.php\/wp-json\/wp\/v2\/product\/3668\/revisions\/5241"}],"wp:featuredmedia":[{"embeddable":true,"href":"https:\/\/trendkidsalgerie.com\/index.php\/wp-json\/wp\/v2\/media\/3557"}],"wp:attachment":[{"href":"https:\/\/trendkidsalgerie.com\/index.php\/wp-json\/wp\/v2\/media?parent=3668"}],"wp:term":[{"taxonomy":"product_brand","embeddable":true,"href":"https:\/\/trendkidsalgerie.com\/index.php\/wp-json\/wp\/v2\/product_brand?post=3668"},{"taxonomy":"product_cat","embeddable":true,"href":"https:\/\/trendkidsalgerie.com\/index.php\/wp-json\/wp\/v2\/product_cat?post=3668"},{"taxonomy":"product_tag","embeddable":true,"href":"https:\/\/trendkidsalgerie.com\/index.php\/wp-json\/wp\/v2\/product_tag?post=3668"}],"curies":[{"name":"wp","href":"https:\/\/api.w.org\/{rel}","templated":true}]}}