{"id":3653,"date":"2025-02-07T01:02:31","date_gmt":"2025-02-07T00:02:31","guid":{"rendered":"http:\/\/localhost\/2025\/tchi\/wp\/v2\/index.php\/produit\/robe-bebe-fille-12\/"},"modified":"2026-01-07T01:06:04","modified_gmt":"2026-01-07T00:06:04","slug":"robe-bebe-fille-12","status":"publish","type":"product","link":"https:\/\/trendkidsalgerie.com\/index.php\/produit\/robe-bebe-fille-12\/","title":{"rendered":"Robe b\u00e9b\u00e9 fille"},"content":{"rendered":"<p>Craquez pour ces sublimes robes b\u00e9b\u00e9, d\u00e9clin\u00e9es en rose poudr\u00e9 et gris d\u00e9licat, elles s\u00e9duisent par leur coupe ample et confortable. Le large col volants en dentelle porte une touche traditionnelle et chic, tandis que les manches longues orn\u00e9es de finitions d\u00e9licates ajoutant \u00e9l\u00e9gance et douceur. Con\u00e7ues dans des mati\u00e8res agr\u00e9ables \u00e0 porter 100% coton, ses robes sont parfaites pour les c\u00e9r\u00e9monies, les visites en famille et les souvenirs inoubliables.<\/p>\n","protected":false},"excerpt":{"rendered":"<p>Sublimes robes b\u00e9b\u00e9, d\u00e9clin\u00e9es en rose poudr\u00e9 et gris d\u00e9licat. Coupe ample et confortables, col volant\u00e9 en dentelle et finitions raffin\u00e9es, parfaites pour c\u00e9l\u00e9brer en douceur.<\/p>\n","protected":false},"featured_media":8155,"comment_status":"open","ping_status":"closed","template":"","meta":[],"product_brand":[],"product_cat":[53,82],"product_tag":[],"class_list":{"0":"post-3653","1":"product","2":"type-product","3":"status-publish","4":"has-post-thumbnail","6":"product_cat-bebe-fr","7":"product_cat-robe-fr","8":"pa_couleur-gris-clair","9":"pa_couleur-rose","10":"pa_taille-06-mois","11":"pa_taille-09-mois","12":"pa_taille-12-mois","13":"pa_taille-18-mois","14":"pa_taille-24-mois","16":"first","17":"instock","18":"taxable","19":"shipping-taxable","20":"purchasable","21":"product-type-variable"},"_links":{"self":[{"href":"https:\/\/trendkidsalgerie.com\/index.php\/wp-json\/wp\/v2\/product\/3653","targetHints":{"allow":["GET"]}}],"collection":[{"href":"https:\/\/trendkidsalgerie.com\/index.php\/wp-json\/wp\/v2\/product"}],"about":[{"href":"https:\/\/trendkidsalgerie.com\/index.php\/wp-json\/wp\/v2\/types\/product"}],"replies":[{"embeddable":true,"href":"https:\/\/trendkidsalgerie.com\/index.php\/wp-json\/wp\/v2\/comments?post=3653"}],"version-history":[{"count":3,"href":"https:\/\/trendkidsalgerie.com\/index.php\/wp-json\/wp\/v2\/product\/3653\/revisions"}],"predecessor-version":[{"id":8168,"href":"https:\/\/trendkidsalgerie.com\/index.php\/wp-json\/wp\/v2\/product\/3653\/revisions\/8168"}],"wp:featuredmedia":[{"embeddable":true,"href":"https:\/\/trendkidsalgerie.com\/index.php\/wp-json\/wp\/v2\/media\/8155"}],"wp:attachment":[{"href":"https:\/\/trendkidsalgerie.com\/index.php\/wp-json\/wp\/v2\/media?parent=3653"}],"wp:term":[{"taxonomy":"product_brand","embeddable":true,"href":"https:\/\/trendkidsalgerie.com\/index.php\/wp-json\/wp\/v2\/product_brand?post=3653"},{"taxonomy":"product_cat","embeddable":true,"href":"https:\/\/trendkidsalgerie.com\/index.php\/wp-json\/wp\/v2\/product_cat?post=3653"},{"taxonomy":"product_tag","embeddable":true,"href":"https:\/\/trendkidsalgerie.com\/index.php\/wp-json\/wp\/v2\/product_tag?post=3653"}],"curies":[{"name":"wp","href":"https:\/\/api.w.org\/{rel}","templated":true}]}}