{"id":3645,"date":"2025-02-07T01:02:25","date_gmt":"2025-02-07T00:02:25","guid":{"rendered":"http:\/\/localhost\/2025\/tchi\/wp\/v2\/index.php\/produit\/robe-bebe-fille-4\/"},"modified":"2026-01-07T02:05:42","modified_gmt":"2026-01-07T01:05:42","slug":"robe-bebe-fille-4","status":"publish","type":"product","link":"https:\/\/trendkidsalgerie.com\/index.php\/produit\/robe-bebe-fille-4\/","title":{"rendered":"Robe b\u00e9b\u00e9 fille"},"content":{"rendered":"<p>Robe b\u00e9b\u00e9 fille blanche \u00e0 manches longues avec un papillon mignon tissu 100% gaze de coton<\/p>\n","protected":false},"excerpt":{"rendered":"<p>Robe b\u00e9b\u00e9 fille blanche \u00e0 manches longues avec un papillon mignon tissu 100% gaze de coton<\/p>\n","protected":false},"featured_media":8204,"comment_status":"open","ping_status":"closed","template":"","meta":[],"product_brand":[],"product_cat":[53,82,76,55],"product_tag":[],"class_list":{"0":"post-3645","1":"product","2":"type-product","3":"status-publish","4":"has-post-thumbnail","6":"product_cat-bebe-fr","7":"product_cat-robe-fr","8":"product_cat-vetements-fr","9":"product_cat-vetements-bebe-fillette-fr","10":"pa_couleur-beige","11":"pa_couleur-blanc-fr","12":"pa_taille-06-mois","13":"pa_taille-09-mois","14":"pa_taille-12-mois","15":"pa_taille-18-mois","17":"first","18":"instock","19":"taxable","20":"shipping-taxable","21":"purchasable","22":"product-type-variable"},"_links":{"self":[{"href":"https:\/\/trendkidsalgerie.com\/index.php\/wp-json\/wp\/v2\/product\/3645","targetHints":{"allow":["GET"]}}],"collection":[{"href":"https:\/\/trendkidsalgerie.com\/index.php\/wp-json\/wp\/v2\/product"}],"about":[{"href":"https:\/\/trendkidsalgerie.com\/index.php\/wp-json\/wp\/v2\/types\/product"}],"replies":[{"embeddable":true,"href":"https:\/\/trendkidsalgerie.com\/index.php\/wp-json\/wp\/v2\/comments?post=3645"}],"version-history":[{"count":1,"href":"https:\/\/trendkidsalgerie.com\/index.php\/wp-json\/wp\/v2\/product\/3645\/revisions"}],"predecessor-version":[{"id":3768,"href":"https:\/\/trendkidsalgerie.com\/index.php\/wp-json\/wp\/v2\/product\/3645\/revisions\/3768"}],"wp:featuredmedia":[{"embeddable":true,"href":"https:\/\/trendkidsalgerie.com\/index.php\/wp-json\/wp\/v2\/media\/8204"}],"wp:attachment":[{"href":"https:\/\/trendkidsalgerie.com\/index.php\/wp-json\/wp\/v2\/media?parent=3645"}],"wp:term":[{"taxonomy":"product_brand","embeddable":true,"href":"https:\/\/trendkidsalgerie.com\/index.php\/wp-json\/wp\/v2\/product_brand?post=3645"},{"taxonomy":"product_cat","embeddable":true,"href":"https:\/\/trendkidsalgerie.com\/index.php\/wp-json\/wp\/v2\/product_cat?post=3645"},{"taxonomy":"product_tag","embeddable":true,"href":"https:\/\/trendkidsalgerie.com\/index.php\/wp-json\/wp\/v2\/product_tag?post=3645"}],"curies":[{"name":"wp","href":"https:\/\/api.w.org\/{rel}","templated":true}]}}