{"id":3060,"date":"2025-02-05T22:41:14","date_gmt":"2025-02-05T21:41:14","guid":{"rendered":"http:\/\/localhost\/2025\/tchi\/wp\/v2\/index.php\/produit\/ensemble-bebe-garcon-de-03-pieces-6\/"},"modified":"2026-01-09T02:05:59","modified_gmt":"2026-01-09T01:05:59","slug":"ensemble-bebe-garcon-de-03-pieces-6","status":"publish","type":"product","link":"https:\/\/trendkidsalgerie.com\/index.php\/produit\/ensemble-bebe-garcon-de-03-pieces-6\/","title":{"rendered":"Ensemble b\u00e9b\u00e9 gar\u00e7on"},"content":{"rendered":"<p>Ensemble b\u00e9bb\u00e9 gar\u00e7on de 03 pieces (chemise bleu clair ray\u00e9e 100% cotton,veste bleu 55% cotton et 45% polyster,pantalon jean bleu 95% cotton et 5% \u00e9lasthanne<\/p>\n","protected":false},"excerpt":{"rendered":"<p>Laissez vous s\u00e9duire par cet ensemble gar\u00e7on compos\u00e9 d&rsquo;une chemise ray\u00e9e aux manches longues en bleu clair, une veste bleu navy et un pantalon jean bleu assorti.<\/p>\n","protected":false},"featured_media":2083,"comment_status":"open","ping_status":"closed","template":"","meta":[],"product_brand":[138],"product_cat":[53,78,76,54],"product_tag":[],"class_list":{"0":"post-3060","1":"product","2":"type-product","3":"status-publish","4":"has-post-thumbnail","6":"product_brand-monna-rosa-milano","7":"product_cat-bebe-fr","8":"product_cat-ensemble-fr","9":"product_cat-vetements-fr","10":"product_cat-vetements-bebe-garcon","11":"pa_couleur-bleu-navy","12":"pa_taille-09-12-mois","13":"pa_taille-12-18-mois","15":"first","16":"instock","17":"taxable","18":"shipping-taxable","19":"purchasable","20":"product-type-variable"},"_links":{"self":[{"href":"https:\/\/trendkidsalgerie.com\/index.php\/wp-json\/wp\/v2\/product\/3060","targetHints":{"allow":["GET"]}}],"collection":[{"href":"https:\/\/trendkidsalgerie.com\/index.php\/wp-json\/wp\/v2\/product"}],"about":[{"href":"https:\/\/trendkidsalgerie.com\/index.php\/wp-json\/wp\/v2\/types\/product"}],"replies":[{"embeddable":true,"href":"https:\/\/trendkidsalgerie.com\/index.php\/wp-json\/wp\/v2\/comments?post=3060"}],"version-history":[{"count":3,"href":"https:\/\/trendkidsalgerie.com\/index.php\/wp-json\/wp\/v2\/product\/3060\/revisions"}],"predecessor-version":[{"id":8522,"href":"https:\/\/trendkidsalgerie.com\/index.php\/wp-json\/wp\/v2\/product\/3060\/revisions\/8522"}],"wp:featuredmedia":[{"embeddable":true,"href":"https:\/\/trendkidsalgerie.com\/index.php\/wp-json\/wp\/v2\/media\/2083"}],"wp:attachment":[{"href":"https:\/\/trendkidsalgerie.com\/index.php\/wp-json\/wp\/v2\/media?parent=3060"}],"wp:term":[{"taxonomy":"product_brand","embeddable":true,"href":"https:\/\/trendkidsalgerie.com\/index.php\/wp-json\/wp\/v2\/product_brand?post=3060"},{"taxonomy":"product_cat","embeddable":true,"href":"https:\/\/trendkidsalgerie.com\/index.php\/wp-json\/wp\/v2\/product_cat?post=3060"},{"taxonomy":"product_tag","embeddable":true,"href":"https:\/\/trendkidsalgerie.com\/index.php\/wp-json\/wp\/v2\/product_tag?post=3060"}],"curies":[{"name":"wp","href":"https:\/\/api.w.org\/{rel}","templated":true}]}}