{"id":3055,"date":"2025-02-05T22:41:09","date_gmt":"2025-02-05T21:41:09","guid":{"rendered":"http:\/\/localhost\/2025\/tchi\/wp\/v2\/index.php\/produit\/ensemble-bebe-garcon-de-03-pieces\/"},"modified":"2026-01-09T01:16:36","modified_gmt":"2026-01-09T00:16:36","slug":"ensemble-bebe-garcon-de-03-pieces","status":"publish","type":"product","link":"https:\/\/trendkidsalgerie.com\/index.php\/produit\/ensemble-bebe-garcon-de-03-pieces\/","title":{"rendered":"Ensemble b\u00e9b\u00e9 gar\u00e7on"},"content":{"rendered":"<p>Ensemble b\u00e9b\u00e9 gar\u00e7on de 03 pi\u00e8ces (haut blanc 100% cotton, veste (orange, vert) 95% cotton et 5% \u00e9lasthanne, pantalon (beige, bleu fonc\u00e9) 95% cotton et 5% \u00e9lasthanne.<\/p>\n","protected":false},"excerpt":{"rendered":"<p>Laissez vous s\u00e9duire par cet ensemble gar\u00e7on de trois pi\u00e8ces compos\u00e9 d&rsquo;un haut blanc, veste couleur vibrante et un pantalon.<\/p>\n","protected":false},"featured_media":8471,"comment_status":"open","ping_status":"closed","template":"","meta":[],"product_brand":[138],"product_cat":[53,78,76,54],"product_tag":[],"class_list":{"0":"post-3055","1":"product","2":"type-product","3":"status-publish","4":"has-post-thumbnail","6":"product_brand-monna-rosa-milano","7":"product_cat-bebe-fr","8":"product_cat-ensemble-fr","9":"product_cat-vetements-fr","10":"product_cat-vetements-bebe-garcon","11":"pa_couleur-orange-et-beige-fr","12":"pa_couleur-vert-et-bleu-fonce-fr","13":"pa_taille-09-12-mois","14":"pa_taille-12-18-mois","16":"first","17":"instock","18":"taxable","19":"shipping-taxable","20":"purchasable","21":"product-type-variable"},"_links":{"self":[{"href":"https:\/\/trendkidsalgerie.com\/index.php\/wp-json\/wp\/v2\/product\/3055","targetHints":{"allow":["GET"]}}],"collection":[{"href":"https:\/\/trendkidsalgerie.com\/index.php\/wp-json\/wp\/v2\/product"}],"about":[{"href":"https:\/\/trendkidsalgerie.com\/index.php\/wp-json\/wp\/v2\/types\/product"}],"replies":[{"embeddable":true,"href":"https:\/\/trendkidsalgerie.com\/index.php\/wp-json\/wp\/v2\/comments?post=3055"}],"version-history":[{"count":3,"href":"https:\/\/trendkidsalgerie.com\/index.php\/wp-json\/wp\/v2\/product\/3055\/revisions"}],"predecessor-version":[{"id":8478,"href":"https:\/\/trendkidsalgerie.com\/index.php\/wp-json\/wp\/v2\/product\/3055\/revisions\/8478"}],"wp:featuredmedia":[{"embeddable":true,"href":"https:\/\/trendkidsalgerie.com\/index.php\/wp-json\/wp\/v2\/media\/8471"}],"wp:attachment":[{"href":"https:\/\/trendkidsalgerie.com\/index.php\/wp-json\/wp\/v2\/media?parent=3055"}],"wp:term":[{"taxonomy":"product_brand","embeddable":true,"href":"https:\/\/trendkidsalgerie.com\/index.php\/wp-json\/wp\/v2\/product_brand?post=3055"},{"taxonomy":"product_cat","embeddable":true,"href":"https:\/\/trendkidsalgerie.com\/index.php\/wp-json\/wp\/v2\/product_cat?post=3055"},{"taxonomy":"product_tag","embeddable":true,"href":"https:\/\/trendkidsalgerie.com\/index.php\/wp-json\/wp\/v2\/product_tag?post=3055"}],"curies":[{"name":"wp","href":"https:\/\/api.w.org\/{rel}","templated":true}]}}