{"id":3012,"date":"2025-02-05T22:38:06","date_gmt":"2025-02-05T21:38:06","guid":{"rendered":"http:\/\/localhost\/2025\/tchi\/wp\/v2\/index.php\/produit\/robe-enfant-fille-navy-flowers\/"},"modified":"2026-01-08T14:19:49","modified_gmt":"2026-01-08T13:19:49","slug":"robe-enfant-fille-navy-flowers","status":"publish","type":"product","link":"https:\/\/trendkidsalgerie.com\/index.php\/produit\/robe-enfant-fille-navy-flowers\/","title":{"rendered":"Robe enfant fille"},"content":{"rendered":"<p>Mati\u00e8res agr\u00e9ables et confortable<\/p>\n<p>Coupe \u00e9l\u00e9gante adapt\u00e9es aux enfants<\/p>\n<p>Parfaite pour les occasions sp\u00e9ciales ou un style chic au quotidien.<\/p>\n<p>&nbsp;<\/p>\n","protected":false},"excerpt":{"rendered":"<p>Robe enfant fille Navy Flowers.<\/p>\n<p>Avec son imprim\u00e9 floral artistique aux couleurs vibrantes, cette robe apporte fraicheur et originalit\u00e9. les d\u00e9tails volant\u00e9s niveau des \u00e9paules et la taille l\u00e9g\u00e8rement fronc\u00e9e soulignent la silhouette tout en garantissant un confort optimal. une pi\u00e8ce id\u00e9ale pour un look tendance, joyeux et affirm\u00e9.<\/p>\n","protected":false},"featured_media":8365,"comment_status":"open","ping_status":"closed","template":"","meta":[],"product_brand":[202],"product_cat":[56,82,502,76],"product_tag":[],"class_list":{"0":"post-3012","1":"product","2":"type-product","3":"status-publish","4":"has-post-thumbnail","6":"product_brand-bontina","7":"product_cat-enfant-fr","8":"product_cat-robe-fr","9":"product_cat-robe-enfant-fillette-enfant-fillette-fr","10":"product_cat-vetements-fr","11":"pa_couleur-bleu-navy","12":"pa_taille-04-ans","13":"pa_taille-06-ans","14":"pa_taille-08-ans-2","15":"pa_taille-10-ans-2","16":"pa_taille-12-ans","18":"first","19":"instock","20":"taxable","21":"shipping-taxable","22":"purchasable","23":"product-type-variable"},"_links":{"self":[{"href":"https:\/\/trendkidsalgerie.com\/index.php\/wp-json\/wp\/v2\/product\/3012","targetHints":{"allow":["GET"]}}],"collection":[{"href":"https:\/\/trendkidsalgerie.com\/index.php\/wp-json\/wp\/v2\/product"}],"about":[{"href":"https:\/\/trendkidsalgerie.com\/index.php\/wp-json\/wp\/v2\/types\/product"}],"replies":[{"embeddable":true,"href":"https:\/\/trendkidsalgerie.com\/index.php\/wp-json\/wp\/v2\/comments?post=3012"}],"version-history":[{"count":4,"href":"https:\/\/trendkidsalgerie.com\/index.php\/wp-json\/wp\/v2\/product\/3012\/revisions"}],"predecessor-version":[{"id":8368,"href":"https:\/\/trendkidsalgerie.com\/index.php\/wp-json\/wp\/v2\/product\/3012\/revisions\/8368"}],"wp:featuredmedia":[{"embeddable":true,"href":"https:\/\/trendkidsalgerie.com\/index.php\/wp-json\/wp\/v2\/media\/8365"}],"wp:attachment":[{"href":"https:\/\/trendkidsalgerie.com\/index.php\/wp-json\/wp\/v2\/media?parent=3012"}],"wp:term":[{"taxonomy":"product_brand","embeddable":true,"href":"https:\/\/trendkidsalgerie.com\/index.php\/wp-json\/wp\/v2\/product_brand?post=3012"},{"taxonomy":"product_cat","embeddable":true,"href":"https:\/\/trendkidsalgerie.com\/index.php\/wp-json\/wp\/v2\/product_cat?post=3012"},{"taxonomy":"product_tag","embeddable":true,"href":"https:\/\/trendkidsalgerie.com\/index.php\/wp-json\/wp\/v2\/product_tag?post=3012"}],"curies":[{"name":"wp","href":"https:\/\/api.w.org\/{rel}","templated":true}]}}