{"id":3010,"date":"2025-02-05T22:38:03","date_gmt":"2025-02-05T21:38:03","guid":{"rendered":"http:\/\/localhost\/2025\/tchi\/wp\/v2\/index.php\/produit\/ensemble-enfant-fille-de-03-pieces-5\/"},"modified":"2025-12-27T14:23:25","modified_gmt":"2025-12-27T13:23:25","slug":"ensemble-enfant-fille-de-03-pieces-5","status":"publish","type":"product","link":"https:\/\/trendkidsalgerie.com\/index.php\/produit\/ensemble-enfant-fille-de-03-pieces-5\/","title":{"rendered":"Ensemble fille"},"content":{"rendered":"<p>Ensemble fille au style urbain et tendance, compos\u00e9 d&rsquo;une veste noire zipp\u00e9e avec poches d\u00e9coratives et finition modernes. Elle est associ\u00e9e \u00e0 un t-shirt rose vif apportant une touche de couleur et de fraicheur. Le tout est compl\u00e9t\u00e9 par un pantalon noir confortable, \u00e0 coupe pratique, parfait pour accompagner les mouvements au quotidien.<\/p>\n<p>Pull rose 100% cotton, veste noire impermiable ert pantalon noir en plyster et \u00e9lasthanne.<\/p>\n<p>&nbsp;<\/p>\n","protected":false},"excerpt":{"rendered":"<p>Ensemble fille styl\u00e9, compos\u00e9 d&rsquo;une veste noire zipp\u00e9e, d&rsquo;un t-shirt rose vif et d&rsquo;un pantalon assorti.<\/p>\n<p>Look urbain, moderne et confortable pour le quotidien.<\/p>\n","protected":false},"featured_media":1958,"comment_status":"open","ping_status":"closed","template":"","meta":[],"product_brand":[140],"product_cat":[56,58,78,65,76],"product_tag":[],"class_list":{"0":"post-3010","1":"product","2":"type-product","3":"status-publish","4":"has-post-thumbnail","6":"product_brand-hamada-tex","7":"product_cat-enfant-fr","8":"product_cat-enfant-fillette-fr","9":"product_cat-ensemble-fr","10":"product_cat-ensemble-enfant-fillette-fr","11":"product_cat-vetements-fr","12":"pa_couleur-noir","13":"pa_taille-06-ans","14":"pa_taille-07-ans","15":"pa_taille-08-ans-2","16":"pa_taille-09-ans-2","17":"pa_taille-12-ans","18":"pa_taille-13-ans","20":"first","21":"instock","22":"taxable","23":"shipping-taxable","24":"purchasable","25":"product-type-variable"},"_links":{"self":[{"href":"https:\/\/trendkidsalgerie.com\/index.php\/wp-json\/wp\/v2\/product\/3010","targetHints":{"allow":["GET"]}}],"collection":[{"href":"https:\/\/trendkidsalgerie.com\/index.php\/wp-json\/wp\/v2\/product"}],"about":[{"href":"https:\/\/trendkidsalgerie.com\/index.php\/wp-json\/wp\/v2\/types\/product"}],"replies":[{"embeddable":true,"href":"https:\/\/trendkidsalgerie.com\/index.php\/wp-json\/wp\/v2\/comments?post=3010"}],"version-history":[{"count":5,"href":"https:\/\/trendkidsalgerie.com\/index.php\/wp-json\/wp\/v2\/product\/3010\/revisions"}],"predecessor-version":[{"id":8072,"href":"https:\/\/trendkidsalgerie.com\/index.php\/wp-json\/wp\/v2\/product\/3010\/revisions\/8072"}],"wp:featuredmedia":[{"embeddable":true,"href":"https:\/\/trendkidsalgerie.com\/index.php\/wp-json\/wp\/v2\/media\/1958"}],"wp:attachment":[{"href":"https:\/\/trendkidsalgerie.com\/index.php\/wp-json\/wp\/v2\/media?parent=3010"}],"wp:term":[{"taxonomy":"product_brand","embeddable":true,"href":"https:\/\/trendkidsalgerie.com\/index.php\/wp-json\/wp\/v2\/product_brand?post=3010"},{"taxonomy":"product_cat","embeddable":true,"href":"https:\/\/trendkidsalgerie.com\/index.php\/wp-json\/wp\/v2\/product_cat?post=3010"},{"taxonomy":"product_tag","embeddable":true,"href":"https:\/\/trendkidsalgerie.com\/index.php\/wp-json\/wp\/v2\/product_tag?post=3010"}],"curies":[{"name":"wp","href":"https:\/\/api.w.org\/{rel}","templated":true}]}}