{"id":3007,"date":"2025-02-05T22:38:00","date_gmt":"2025-02-05T21:38:00","guid":{"rendered":"http:\/\/localhost\/2025\/tchi\/wp\/v2\/index.php\/produit\/ensemble-enfant-fille-de-03-pieces-2\/"},"modified":"2025-12-25T18:15:43","modified_gmt":"2025-12-25T17:15:43","slug":"ensemble-enfant-fille-de-03-pieces-2","status":"publish","type":"product","link":"https:\/\/trendkidsalgerie.com\/index.php\/produit\/ensemble-enfant-fille-de-03-pieces-2\/","title":{"rendered":"Ensemble enfant fille"},"content":{"rendered":"<p>Ensemble fille moderne et tendance, compos\u00e9 d&rsquo;une veste l\u00e9g\u00e8re rose au style urbain avec finitions soign\u00e9es et fermeture pratique. Elle est associ\u00e9e \u00e0 un sweet \u00e0 capuche blanc, confortable et doux, id\u00e9al pour un look d\u00e9contract\u00e9.<\/p>\n<p>Le tout est compl\u00e9t\u00e9 par un pantalon cargo noir, \u00e0 coupe ample avec poches lat\u00e9rales fonctionnelles, offrant libert\u00e9 de mouvement et style.<\/p>\n<p>Haut blanc 100% cotton, veste bois de rose simili cuir ET pantalon gris en anthracite, polyster et \u00e9lasthanne.<\/p>\n<p>confort, style et praticit\u00e9 r\u00e9unis dans un seul ensemble, parfait pour l&rsquo;\u00e9cole, les sorties et le quotidien.<\/p>\n","protected":false},"excerpt":{"rendered":"<p>Ensemble fille tendance, compos\u00e9 d&rsquo;une veste l\u00e9g\u00e8re rose, sweet blanc \u00e0 capuche et un pantalon cargo. confortable, moderne et parfait pour le quotidien.<\/p>\n","protected":false},"featured_media":1952,"comment_status":"open","ping_status":"closed","template":"","meta":[],"product_brand":[140],"product_cat":[56,58,78,65,76],"product_tag":[],"class_list":{"0":"post-3007","1":"product","2":"type-product","3":"status-publish","4":"has-post-thumbnail","6":"product_brand-hamada-tex","7":"product_cat-enfant-fr","8":"product_cat-enfant-fillette-fr","9":"product_cat-ensemble-fr","10":"product_cat-ensemble-enfant-fillette-fr","11":"product_cat-vetements-fr","12":"pa_couleur-bois-de-rose-fr","13":"pa_taille-08-ans-2","15":"first","16":"instock","17":"taxable","18":"shipping-taxable","19":"purchasable","20":"product-type-variable"},"_links":{"self":[{"href":"https:\/\/trendkidsalgerie.com\/index.php\/wp-json\/wp\/v2\/product\/3007","targetHints":{"allow":["GET"]}}],"collection":[{"href":"https:\/\/trendkidsalgerie.com\/index.php\/wp-json\/wp\/v2\/product"}],"about":[{"href":"https:\/\/trendkidsalgerie.com\/index.php\/wp-json\/wp\/v2\/types\/product"}],"replies":[{"embeddable":true,"href":"https:\/\/trendkidsalgerie.com\/index.php\/wp-json\/wp\/v2\/comments?post=3007"}],"version-history":[{"count":3,"href":"https:\/\/trendkidsalgerie.com\/index.php\/wp-json\/wp\/v2\/product\/3007\/revisions"}],"predecessor-version":[{"id":8065,"href":"https:\/\/trendkidsalgerie.com\/index.php\/wp-json\/wp\/v2\/product\/3007\/revisions\/8065"}],"wp:featuredmedia":[{"embeddable":true,"href":"https:\/\/trendkidsalgerie.com\/index.php\/wp-json\/wp\/v2\/media\/1952"}],"wp:attachment":[{"href":"https:\/\/trendkidsalgerie.com\/index.php\/wp-json\/wp\/v2\/media?parent=3007"}],"wp:term":[{"taxonomy":"product_brand","embeddable":true,"href":"https:\/\/trendkidsalgerie.com\/index.php\/wp-json\/wp\/v2\/product_brand?post=3007"},{"taxonomy":"product_cat","embeddable":true,"href":"https:\/\/trendkidsalgerie.com\/index.php\/wp-json\/wp\/v2\/product_cat?post=3007"},{"taxonomy":"product_tag","embeddable":true,"href":"https:\/\/trendkidsalgerie.com\/index.php\/wp-json\/wp\/v2\/product_tag?post=3007"}],"curies":[{"name":"wp","href":"https:\/\/api.w.org\/{rel}","templated":true}]}}