{"id":3002,"date":"2025-02-05T22:37:48","date_gmt":"2025-02-05T21:37:48","guid":{"rendered":"http:\/\/localhost\/2025\/tchi\/wp\/v2\/index.php\/produit\/robe-enfant-fille\/"},"modified":"2026-01-21T01:26:44","modified_gmt":"2026-01-21T00:26:44","slug":"robe-enfant-fille","status":"publish","type":"product","link":"https:\/\/trendkidsalgerie.com\/index.php\/produit\/robe-enfant-fille\/","title":{"rendered":"Robe enfant fille"},"content":{"rendered":"<p>Robe enfant fille tissu 100% cotton imprim\u00e9e<\/p>\n","protected":false},"excerpt":{"rendered":"<p>Adorable robe au style raffin\u00e9 et intemporel \u00e0 motifs floraux et col d\u00e9licat. \u00c9l\u00e9gante, douce et confortable, parfaite pour les occasions festives et les moments pr\u00e9cieux.<\/p>\n","protected":false},"featured_media":1942,"comment_status":"open","ping_status":"closed","template":"","meta":[],"product_brand":[138],"product_cat":[56,82,502,76],"product_tag":[],"class_list":{"0":"post-3002","1":"product","2":"type-product","3":"status-publish","4":"has-post-thumbnail","6":"product_brand-monna-rosa-milano","7":"product_cat-enfant-fr","8":"product_cat-robe-fr","9":"product_cat-robe-enfant-fillette-enfant-fillette-fr","10":"product_cat-vetements-fr","11":"pa_couleur-orange","12":"pa_taille-02-03-ans-fr","13":"pa_taille-08-09-ans-fr","15":"first","16":"instock","17":"taxable","18":"shipping-taxable","19":"purchasable","20":"product-type-variable"},"_links":{"self":[{"href":"https:\/\/trendkidsalgerie.com\/index.php\/wp-json\/wp\/v2\/product\/3002","targetHints":{"allow":["GET"]}}],"collection":[{"href":"https:\/\/trendkidsalgerie.com\/index.php\/wp-json\/wp\/v2\/product"}],"about":[{"href":"https:\/\/trendkidsalgerie.com\/index.php\/wp-json\/wp\/v2\/types\/product"}],"replies":[{"embeddable":true,"href":"https:\/\/trendkidsalgerie.com\/index.php\/wp-json\/wp\/v2\/comments?post=3002"}],"version-history":[{"count":2,"href":"https:\/\/trendkidsalgerie.com\/index.php\/wp-json\/wp\/v2\/product\/3002\/revisions"}],"predecessor-version":[{"id":8785,"href":"https:\/\/trendkidsalgerie.com\/index.php\/wp-json\/wp\/v2\/product\/3002\/revisions\/8785"}],"wp:featuredmedia":[{"embeddable":true,"href":"https:\/\/trendkidsalgerie.com\/index.php\/wp-json\/wp\/v2\/media\/1942"}],"wp:attachment":[{"href":"https:\/\/trendkidsalgerie.com\/index.php\/wp-json\/wp\/v2\/media?parent=3002"}],"wp:term":[{"taxonomy":"product_brand","embeddable":true,"href":"https:\/\/trendkidsalgerie.com\/index.php\/wp-json\/wp\/v2\/product_brand?post=3002"},{"taxonomy":"product_cat","embeddable":true,"href":"https:\/\/trendkidsalgerie.com\/index.php\/wp-json\/wp\/v2\/product_cat?post=3002"},{"taxonomy":"product_tag","embeddable":true,"href":"https:\/\/trendkidsalgerie.com\/index.php\/wp-json\/wp\/v2\/product_tag?post=3002"}],"curies":[{"name":"wp","href":"https:\/\/api.w.org\/{rel}","templated":true}]}}