{"id":2990,"date":"2025-02-05T22:37:35","date_gmt":"2025-02-05T21:37:35","guid":{"rendered":"http:\/\/localhost\/2025\/tchi\/wp\/v2\/index.php\/produit\/gilet-bolero-enfant-fille-2\/"},"modified":"2025-02-13T21:45:48","modified_gmt":"2025-02-13T20:45:48","slug":"gilet-bolero-enfant-fille-2","status":"publish","type":"product","link":"https:\/\/trendkidsalgerie.com\/index.php\/produit\/gilet-bolero-enfant-fille-2\/","title":{"rendered":"Gilet bol\u00e9ro enfant  fille"},"content":{"rendered":"<p>Bol\u00e9ro enfant fille en tissu (97%) acrylique et viscose, (3%) \u00e9lasthanne<\/p>\n","protected":false},"excerpt":{"rendered":"<p>Bol\u00e9ro enfant fille en tissu (97%) acrylique et viscose, (3%) \u00e9lasthanne<\/p>\n","protected":false},"featured_media":1918,"comment_status":"open","ping_status":"closed","template":"","meta":[],"product_brand":[202],"product_cat":[56,76],"product_tag":[],"class_list":{"0":"post-2990","1":"product","2":"type-product","3":"status-publish","4":"has-post-thumbnail","6":"product_brand-bontina","7":"product_cat-enfant-fr","8":"product_cat-vetements-fr","9":"pa_couleur-bleu","10":"pa_taille-02-ans","11":"pa_taille-03-ans","12":"pa_taille-04-ans","13":"pa_taille-05-ans","15":"first","16":"instock","17":"taxable","18":"shipping-taxable","19":"purchasable","20":"product-type-variable"},"_links":{"self":[{"href":"https:\/\/trendkidsalgerie.com\/index.php\/wp-json\/wp\/v2\/product\/2990","targetHints":{"allow":["GET"]}}],"collection":[{"href":"https:\/\/trendkidsalgerie.com\/index.php\/wp-json\/wp\/v2\/product"}],"about":[{"href":"https:\/\/trendkidsalgerie.com\/index.php\/wp-json\/wp\/v2\/types\/product"}],"replies":[{"embeddable":true,"href":"https:\/\/trendkidsalgerie.com\/index.php\/wp-json\/wp\/v2\/comments?post=2990"}],"version-history":[{"count":1,"href":"https:\/\/trendkidsalgerie.com\/index.php\/wp-json\/wp\/v2\/product\/2990\/revisions"}],"predecessor-version":[{"id":3418,"href":"https:\/\/trendkidsalgerie.com\/index.php\/wp-json\/wp\/v2\/product\/2990\/revisions\/3418"}],"wp:featuredmedia":[{"embeddable":true,"href":"https:\/\/trendkidsalgerie.com\/index.php\/wp-json\/wp\/v2\/media\/1918"}],"wp:attachment":[{"href":"https:\/\/trendkidsalgerie.com\/index.php\/wp-json\/wp\/v2\/media?parent=2990"}],"wp:term":[{"taxonomy":"product_brand","embeddable":true,"href":"https:\/\/trendkidsalgerie.com\/index.php\/wp-json\/wp\/v2\/product_brand?post=2990"},{"taxonomy":"product_cat","embeddable":true,"href":"https:\/\/trendkidsalgerie.com\/index.php\/wp-json\/wp\/v2\/product_cat?post=2990"},{"taxonomy":"product_tag","embeddable":true,"href":"https:\/\/trendkidsalgerie.com\/index.php\/wp-json\/wp\/v2\/product_tag?post=2990"}],"curies":[{"name":"wp","href":"https:\/\/api.w.org\/{rel}","templated":true}]}}