{"id":2989,"date":"2025-02-05T22:37:33","date_gmt":"2025-02-05T21:37:33","guid":{"rendered":"http:\/\/localhost\/2025\/tchi\/wp\/v2\/index.php\/produit\/gilet-bolero-enfant-fille\/"},"modified":"2025-02-13T21:44:01","modified_gmt":"2025-02-13T20:44:01","slug":"gilet-bolero-enfant-fille","status":"publish","type":"product","link":"https:\/\/trendkidsalgerie.com\/index.php\/produit\/gilet-bolero-enfant-fille\/","title":{"rendered":"Gilet bol\u00e9ro enfant  fille"},"content":{"rendered":"<p>Bol\u00e9ro enfant fille en tissu (97%) acrylique et viscose, (3%) \u00e9lasthanne<\/p>\n","protected":false},"excerpt":{"rendered":"<p>Bol\u00e9ro enfant fille en tissu (97%) acrylique et viscose, (3%) \u00e9lasthanne<\/p>\n","protected":false},"featured_media":1916,"comment_status":"open","ping_status":"closed","template":"","meta":[],"product_brand":[202],"product_cat":[56,76],"product_tag":[],"class_list":{"0":"post-2989","1":"product","2":"type-product","3":"status-publish","4":"has-post-thumbnail","6":"product_brand-bontina","7":"product_cat-enfant-fr","8":"product_cat-vetements-fr","9":"pa_couleur-moutarde-fr","10":"pa_taille-02-ans","11":"pa_taille-03-ans","12":"pa_taille-04-ans","13":"pa_taille-05-ans","15":"first","16":"instock","17":"taxable","18":"shipping-taxable","19":"purchasable","20":"product-type-variable"},"_links":{"self":[{"href":"https:\/\/trendkidsalgerie.com\/index.php\/wp-json\/wp\/v2\/product\/2989","targetHints":{"allow":["GET"]}}],"collection":[{"href":"https:\/\/trendkidsalgerie.com\/index.php\/wp-json\/wp\/v2\/product"}],"about":[{"href":"https:\/\/trendkidsalgerie.com\/index.php\/wp-json\/wp\/v2\/types\/product"}],"replies":[{"embeddable":true,"href":"https:\/\/trendkidsalgerie.com\/index.php\/wp-json\/wp\/v2\/comments?post=2989"}],"version-history":[{"count":1,"href":"https:\/\/trendkidsalgerie.com\/index.php\/wp-json\/wp\/v2\/product\/2989\/revisions"}],"predecessor-version":[{"id":3419,"href":"https:\/\/trendkidsalgerie.com\/index.php\/wp-json\/wp\/v2\/product\/2989\/revisions\/3419"}],"wp:featuredmedia":[{"embeddable":true,"href":"https:\/\/trendkidsalgerie.com\/index.php\/wp-json\/wp\/v2\/media\/1916"}],"wp:attachment":[{"href":"https:\/\/trendkidsalgerie.com\/index.php\/wp-json\/wp\/v2\/media?parent=2989"}],"wp:term":[{"taxonomy":"product_brand","embeddable":true,"href":"https:\/\/trendkidsalgerie.com\/index.php\/wp-json\/wp\/v2\/product_brand?post=2989"},{"taxonomy":"product_cat","embeddable":true,"href":"https:\/\/trendkidsalgerie.com\/index.php\/wp-json\/wp\/v2\/product_cat?post=2989"},{"taxonomy":"product_tag","embeddable":true,"href":"https:\/\/trendkidsalgerie.com\/index.php\/wp-json\/wp\/v2\/product_tag?post=2989"}],"curies":[{"name":"wp","href":"https:\/\/api.w.org\/{rel}","templated":true}]}}