{"id":2979,"date":"2025-02-05T22:36:17","date_gmt":"2025-02-05T21:36:17","guid":{"rendered":"http:\/\/localhost\/2025\/tchi\/wp\/v2\/index.php\/produit\/ensemble-enfant-garcon-de-03-pieces-10\/"},"modified":"2025-12-27T14:39:11","modified_gmt":"2025-12-27T13:39:11","slug":"ensemble-enfant-garcon-de-03-pieces-10","status":"publish","type":"product","link":"https:\/\/trendkidsalgerie.com\/index.php\/produit\/ensemble-enfant-garcon-de-03-pieces-10\/","title":{"rendered":"Ensemble gar\u00e7on"},"content":{"rendered":"<div>\n<p>Ensemble gar\u00e7on casual et tendance, compos\u00e9 d&rsquo;une veste imperiable avec poches d\u00e9coratives et finition moderne. Elle est associ\u00e9e \u00e0 un t-shirt blanc demi manches 100% cotton et d&rsquo;un pantalon cargo beige \u00e0 poches pratiques confortable et fonctionnel. look urbain facile \u00e0 porter con\u00e7u pour offrir libert\u00e9 de mouvement et confort au quotidien.<\/p>\n<\/div>\n<p>&nbsp;<\/p>\n","protected":false},"excerpt":{"rendered":"<div>\n<p>Ensemble gar\u00e7on styl\u00e9, compos\u00e9 d&rsquo;une veste beige impermiable, d&rsquo;un t-shirt blanc doux et d&rsquo;un pantalon cargo beige assorti.<\/p>\n<\/div>\n<p>Look urbain, moderne et confortable pour le quotidien<\/p>\n","protected":false},"featured_media":1768,"comment_status":"open","ping_status":"closed","template":"","meta":[],"product_brand":[140],"product_cat":[56,57,78,60,76],"product_tag":[],"class_list":{"0":"post-2979","1":"product","2":"type-product","3":"status-publish","4":"has-post-thumbnail","6":"product_brand-hamada-tex","7":"product_cat-enfant-fr","8":"product_cat-vetements-enfant-garcon-fr","9":"product_cat-ensemble-fr","10":"product_cat-ensemble-enfant-garcon-fr","11":"product_cat-vetements-fr","12":"pa_couleur-beige","13":"pa_taille-04-ans","14":"pa_taille-06-ans","15":"pa_taille-09-ans-2","17":"first","18":"instock","19":"taxable","20":"shipping-taxable","21":"purchasable","22":"product-type-variable"},"_links":{"self":[{"href":"https:\/\/trendkidsalgerie.com\/index.php\/wp-json\/wp\/v2\/product\/2979","targetHints":{"allow":["GET"]}}],"collection":[{"href":"https:\/\/trendkidsalgerie.com\/index.php\/wp-json\/wp\/v2\/product"}],"about":[{"href":"https:\/\/trendkidsalgerie.com\/index.php\/wp-json\/wp\/v2\/types\/product"}],"replies":[{"embeddable":true,"href":"https:\/\/trendkidsalgerie.com\/index.php\/wp-json\/wp\/v2\/comments?post=2979"}],"version-history":[{"count":4,"href":"https:\/\/trendkidsalgerie.com\/index.php\/wp-json\/wp\/v2\/product\/2979\/revisions"}],"predecessor-version":[{"id":8075,"href":"https:\/\/trendkidsalgerie.com\/index.php\/wp-json\/wp\/v2\/product\/2979\/revisions\/8075"}],"wp:featuredmedia":[{"embeddable":true,"href":"https:\/\/trendkidsalgerie.com\/index.php\/wp-json\/wp\/v2\/media\/1768"}],"wp:attachment":[{"href":"https:\/\/trendkidsalgerie.com\/index.php\/wp-json\/wp\/v2\/media?parent=2979"}],"wp:term":[{"taxonomy":"product_brand","embeddable":true,"href":"https:\/\/trendkidsalgerie.com\/index.php\/wp-json\/wp\/v2\/product_brand?post=2979"},{"taxonomy":"product_cat","embeddable":true,"href":"https:\/\/trendkidsalgerie.com\/index.php\/wp-json\/wp\/v2\/product_cat?post=2979"},{"taxonomy":"product_tag","embeddable":true,"href":"https:\/\/trendkidsalgerie.com\/index.php\/wp-json\/wp\/v2\/product_tag?post=2979"}],"curies":[{"name":"wp","href":"https:\/\/api.w.org\/{rel}","templated":true}]}}