{"id":2978,"date":"2025-02-05T22:36:16","date_gmt":"2025-02-05T21:36:16","guid":{"rendered":"http:\/\/localhost\/2025\/tchi\/wp\/v2\/index.php\/produit\/ensemble-enfant-garcon-de-03-pieces-9\/"},"modified":"2025-12-27T15:14:24","modified_gmt":"2025-12-27T14:14:24","slug":"ensemble-enfant-garcon-de-03-pieces-9","status":"publish","type":"product","link":"https:\/\/trendkidsalgerie.com\/index.php\/produit\/ensemble-enfant-garcon-de-03-pieces-9\/","title":{"rendered":"Ensemble enfant gar\u00e7on de 03 pieces"},"content":{"rendered":"<p>Ensemble enfant gar\u00e7on tendance et confortable, se compose d&rsquo;une veste effet cuir noir, d&rsquo;un t-shirt blanc basique et d&rsquo;un pantalon cargo beige \u00e0 poches pratiques. il allie style urbain et libert\u00e9 de mouvement pour accompagner les enfant au quotidien. id\u00e9al pour l&rsquo;\u00e9cole, les sorties et les occasions d\u00e9contract\u00e9es.<\/p>\n<p>Pull blanc 100% cotton, veste noire simili cuir et pantalon beige tissu polyster.<\/p>\n","protected":false},"excerpt":{"rendered":"<p>Ensemble gar\u00e7on tendance<\/p>\n<p>Veste effet cuir noire, pull blanc et pantalon cargo beige pour un look moderne et confortable. id\u00e9al pour l&rsquo;\u00e9cole, les sorties et le quotidien.<\/p>\n","protected":false},"featured_media":1825,"comment_status":"open","ping_status":"closed","template":"","meta":[],"product_brand":[140],"product_cat":[56,57,78,60,76],"product_tag":[],"class_list":{"0":"post-2978","1":"product","2":"type-product","3":"status-publish","4":"has-post-thumbnail","6":"product_brand-hamada-tex","7":"product_cat-enfant-fr","8":"product_cat-vetements-enfant-garcon-fr","9":"product_cat-ensemble-fr","10":"product_cat-ensemble-enfant-garcon-fr","11":"product_cat-vetements-fr","12":"pa_couleur-noir","13":"pa_taille-03-ans","14":"pa_taille-04-ans","16":"first","17":"instock","18":"taxable","19":"shipping-taxable","20":"purchasable","21":"product-type-variable"},"_links":{"self":[{"href":"https:\/\/trendkidsalgerie.com\/index.php\/wp-json\/wp\/v2\/product\/2978","targetHints":{"allow":["GET"]}}],"collection":[{"href":"https:\/\/trendkidsalgerie.com\/index.php\/wp-json\/wp\/v2\/product"}],"about":[{"href":"https:\/\/trendkidsalgerie.com\/index.php\/wp-json\/wp\/v2\/types\/product"}],"replies":[{"embeddable":true,"href":"https:\/\/trendkidsalgerie.com\/index.php\/wp-json\/wp\/v2\/comments?post=2978"}],"version-history":[{"count":3,"href":"https:\/\/trendkidsalgerie.com\/index.php\/wp-json\/wp\/v2\/product\/2978\/revisions"}],"predecessor-version":[{"id":8081,"href":"https:\/\/trendkidsalgerie.com\/index.php\/wp-json\/wp\/v2\/product\/2978\/revisions\/8081"}],"wp:featuredmedia":[{"embeddable":true,"href":"https:\/\/trendkidsalgerie.com\/index.php\/wp-json\/wp\/v2\/media\/1825"}],"wp:attachment":[{"href":"https:\/\/trendkidsalgerie.com\/index.php\/wp-json\/wp\/v2\/media?parent=2978"}],"wp:term":[{"taxonomy":"product_brand","embeddable":true,"href":"https:\/\/trendkidsalgerie.com\/index.php\/wp-json\/wp\/v2\/product_brand?post=2978"},{"taxonomy":"product_cat","embeddable":true,"href":"https:\/\/trendkidsalgerie.com\/index.php\/wp-json\/wp\/v2\/product_cat?post=2978"},{"taxonomy":"product_tag","embeddable":true,"href":"https:\/\/trendkidsalgerie.com\/index.php\/wp-json\/wp\/v2\/product_tag?post=2978"}],"curies":[{"name":"wp","href":"https:\/\/api.w.org\/{rel}","templated":true}]}}