{"id":2975,"date":"2025-02-05T22:36:13","date_gmt":"2025-02-05T21:36:13","guid":{"rendered":"http:\/\/localhost\/2025\/tchi\/wp\/v2\/index.php\/produit\/ensemble-enfant-garcon-de-02-pieces-3\/"},"modified":"2026-01-19T17:38:32","modified_gmt":"2026-01-19T16:38:32","slug":"ensemble-enfant-garcon-de-02-pieces-3","status":"publish","type":"product","link":"https:\/\/trendkidsalgerie.com\/index.php\/produit\/ensemble-enfant-garcon-de-02-pieces-3\/","title":{"rendered":"Ensemble enfant gar\u00e7on"},"content":{"rendered":"<p>Ensemble enfant gar\u00e7on de 02 pieces (chemise \u00e0 carreaux bleu combo ray\u00e9e 100% coton,pantalon en jean bleu 95% cotton et 5% \u00e9lasthanne<\/p>\n","protected":false},"excerpt":{"rendered":"<p>Laissez vous s\u00e9duire par cet ensemble enfant gar\u00e7on compos\u00e9 d&rsquo;une chemise \u00e0 carreaux bleu ray\u00e9e \u00e0 motif petit bateau et un pantalon en jean bleu fonc\u00e9.<\/p>\n","protected":false},"featured_media":8494,"comment_status":"open","ping_status":"closed","template":"","meta":[],"product_brand":[138],"product_cat":[56,57,78,60,76],"product_tag":[],"class_list":{"0":"post-2975","1":"product","2":"type-product","3":"status-publish","4":"has-post-thumbnail","6":"product_brand-monna-rosa-milano","7":"product_cat-enfant-fr","8":"product_cat-vetements-enfant-garcon-fr","9":"product_cat-ensemble-fr","10":"product_cat-ensemble-enfant-garcon-fr","11":"product_cat-vetements-fr","12":"pa_couleur-bleu","13":"pa_taille-04-ans","14":"pa_taille-06-ans","15":"pa_taille-08-ans-2","16":"pa_taille-09-ans-2","17":"pa_taille-10-ans-2","19":"first","20":"instock","21":"taxable","22":"shipping-taxable","23":"purchasable","24":"product-type-variable"},"_links":{"self":[{"href":"https:\/\/trendkidsalgerie.com\/index.php\/wp-json\/wp\/v2\/product\/2975","targetHints":{"allow":["GET"]}}],"collection":[{"href":"https:\/\/trendkidsalgerie.com\/index.php\/wp-json\/wp\/v2\/product"}],"about":[{"href":"https:\/\/trendkidsalgerie.com\/index.php\/wp-json\/wp\/v2\/types\/product"}],"replies":[{"embeddable":true,"href":"https:\/\/trendkidsalgerie.com\/index.php\/wp-json\/wp\/v2\/comments?post=2975"}],"version-history":[{"count":4,"href":"https:\/\/trendkidsalgerie.com\/index.php\/wp-json\/wp\/v2\/product\/2975\/revisions"}],"predecessor-version":[{"id":8598,"href":"https:\/\/trendkidsalgerie.com\/index.php\/wp-json\/wp\/v2\/product\/2975\/revisions\/8598"}],"wp:featuredmedia":[{"embeddable":true,"href":"https:\/\/trendkidsalgerie.com\/index.php\/wp-json\/wp\/v2\/media\/8494"}],"wp:attachment":[{"href":"https:\/\/trendkidsalgerie.com\/index.php\/wp-json\/wp\/v2\/media?parent=2975"}],"wp:term":[{"taxonomy":"product_brand","embeddable":true,"href":"https:\/\/trendkidsalgerie.com\/index.php\/wp-json\/wp\/v2\/product_brand?post=2975"},{"taxonomy":"product_cat","embeddable":true,"href":"https:\/\/trendkidsalgerie.com\/index.php\/wp-json\/wp\/v2\/product_cat?post=2975"},{"taxonomy":"product_tag","embeddable":true,"href":"https:\/\/trendkidsalgerie.com\/index.php\/wp-json\/wp\/v2\/product_tag?post=2975"}],"curies":[{"name":"wp","href":"https:\/\/api.w.org\/{rel}","templated":true}]}}