{"id":2971,"date":"2025-02-05T22:36:09","date_gmt":"2025-02-05T21:36:09","guid":{"rendered":"http:\/\/localhost\/2025\/tchi\/wp\/v2\/index.php\/produit\/ensemble-enfant-garcon-de-03-pieces-5\/"},"modified":"2026-02-17T12:48:44","modified_gmt":"2026-02-17T11:48:44","slug":"ensemble-enfant-garcon-de-03-pieces-5","status":"publish","type":"product","link":"https:\/\/trendkidsalgerie.com\/index.php\/produit\/ensemble-enfant-garcon-de-03-pieces-5\/","title":{"rendered":"Ensemble enfant gar\u00e7on de 03 pieces"},"content":{"rendered":"<p>Ensemble enfant gar\u00e7on compos\u00e9 de 03 pi\u00e8ces: chemise \u00e0 carreaux bleu claire 70% coton et 30% lin, cardigan bleu fonc\u00e9 100% coton, et pantalon bleu fonc\u00e9 95% coton et 5% \u00e9lasthanne.<\/p>\n","protected":false},"excerpt":{"rendered":"<p>Laissez vous s\u00e9duire par cet ensemble enfant gar\u00e7on compos\u00e9 d&rsquo;une chemise \u00e0 carreaux aux manches longues, un cardigan bleu navy et un pantalon en jean bleu.<\/p>\n","protected":false},"featured_media":9251,"comment_status":"open","ping_status":"closed","template":"","meta":[],"product_brand":[138],"product_cat":[56,57,78,60,76],"product_tag":[],"class_list":{"0":"post-2971","1":"product","2":"type-product","3":"status-publish","4":"has-post-thumbnail","6":"product_brand-monna-rosa-milano","7":"product_cat-enfant-fr","8":"product_cat-vetements-enfant-garcon-fr","9":"product_cat-ensemble-fr","10":"product_cat-ensemble-enfant-garcon-fr","11":"product_cat-vetements-fr","12":"pa_couleur-bleu","13":"pa_taille-02-ans","14":"pa_taille-03-ans","15":"pa_taille-04-ans","16":"pa_taille-05-ans","17":"pa_taille-06-ans","18":"pa_taille-07-ans","19":"pa_taille-08-ans-2","20":"pa_taille-09-ans-2","21":"pa_taille-10-ans-2","23":"first","24":"instock","25":"taxable","26":"shipping-taxable","27":"purchasable","28":"product-type-variable"},"_links":{"self":[{"href":"https:\/\/trendkidsalgerie.com\/index.php\/wp-json\/wp\/v2\/product\/2971","targetHints":{"allow":["GET"]}}],"collection":[{"href":"https:\/\/trendkidsalgerie.com\/index.php\/wp-json\/wp\/v2\/product"}],"about":[{"href":"https:\/\/trendkidsalgerie.com\/index.php\/wp-json\/wp\/v2\/types\/product"}],"replies":[{"embeddable":true,"href":"https:\/\/trendkidsalgerie.com\/index.php\/wp-json\/wp\/v2\/comments?post=2971"}],"version-history":[{"count":3,"href":"https:\/\/trendkidsalgerie.com\/index.php\/wp-json\/wp\/v2\/product\/2971\/revisions"}],"predecessor-version":[{"id":8627,"href":"https:\/\/trendkidsalgerie.com\/index.php\/wp-json\/wp\/v2\/product\/2971\/revisions\/8627"}],"wp:featuredmedia":[{"embeddable":true,"href":"https:\/\/trendkidsalgerie.com\/index.php\/wp-json\/wp\/v2\/media\/9251"}],"wp:attachment":[{"href":"https:\/\/trendkidsalgerie.com\/index.php\/wp-json\/wp\/v2\/media?parent=2971"}],"wp:term":[{"taxonomy":"product_brand","embeddable":true,"href":"https:\/\/trendkidsalgerie.com\/index.php\/wp-json\/wp\/v2\/product_brand?post=2971"},{"taxonomy":"product_cat","embeddable":true,"href":"https:\/\/trendkidsalgerie.com\/index.php\/wp-json\/wp\/v2\/product_cat?post=2971"},{"taxonomy":"product_tag","embeddable":true,"href":"https:\/\/trendkidsalgerie.com\/index.php\/wp-json\/wp\/v2\/product_tag?post=2971"}],"curies":[{"name":"wp","href":"https:\/\/api.w.org\/{rel}","templated":true}]}}