{"id":2970,"date":"2025-02-05T22:36:08","date_gmt":"2025-02-05T21:36:08","guid":{"rendered":"http:\/\/localhost\/2025\/tchi\/wp\/v2\/index.php\/produit\/ensemble-enfant-garcon-de-03-pieces-4\/"},"modified":"2026-01-19T21:30:14","modified_gmt":"2026-01-19T20:30:14","slug":"ensemble-enfant-garcon-de-03-pieces-4","status":"publish","type":"product","link":"https:\/\/trendkidsalgerie.com\/index.php\/produit\/ensemble-enfant-garcon-de-03-pieces-4\/","title":{"rendered":"Ensemble enfant gar\u00e7on"},"content":{"rendered":"<p>Ensemble enfant gar\u00e7on compos\u00e9 de 03 pi\u00e8ces: chemise ray\u00e9e en gris 100% coton, veste grise 95% coton et 5% \u00e9lasthanne, pantalon jean noir 95% coton et 5% \u00e9lasthanne<\/p>\n","protected":false},"excerpt":{"rendered":"<p>Laissez vous s\u00e9duire par cet ensemble gar\u00e7on compos\u00e9 d&rsquo;une chemise ray\u00e9e aux manches longues en gris, une veste grise et un pantalon jean noir.<\/p>\n","protected":false},"featured_media":8636,"comment_status":"open","ping_status":"closed","template":"","meta":[],"product_brand":[138],"product_cat":[56,57,78,60,76],"product_tag":[],"class_list":{"0":"post-2970","1":"product","2":"type-product","3":"status-publish","4":"has-post-thumbnail","6":"product_brand-monna-rosa-milano","7":"product_cat-enfant-fr","8":"product_cat-vetements-enfant-garcon-fr","9":"product_cat-ensemble-fr","10":"product_cat-ensemble-enfant-garcon-fr","11":"product_cat-vetements-fr","12":"pa_couleur-gris","13":"pa_taille-2-3-ans","14":"pa_taille-6-7-ans-2","16":"first","17":"instock","18":"taxable","19":"shipping-taxable","20":"purchasable","21":"product-type-variable"},"_links":{"self":[{"href":"https:\/\/trendkidsalgerie.com\/index.php\/wp-json\/wp\/v2\/product\/2970","targetHints":{"allow":["GET"]}}],"collection":[{"href":"https:\/\/trendkidsalgerie.com\/index.php\/wp-json\/wp\/v2\/product"}],"about":[{"href":"https:\/\/trendkidsalgerie.com\/index.php\/wp-json\/wp\/v2\/types\/product"}],"replies":[{"embeddable":true,"href":"https:\/\/trendkidsalgerie.com\/index.php\/wp-json\/wp\/v2\/comments?post=2970"}],"version-history":[{"count":4,"href":"https:\/\/trendkidsalgerie.com\/index.php\/wp-json\/wp\/v2\/product\/2970\/revisions"}],"predecessor-version":[{"id":8638,"href":"https:\/\/trendkidsalgerie.com\/index.php\/wp-json\/wp\/v2\/product\/2970\/revisions\/8638"}],"wp:featuredmedia":[{"embeddable":true,"href":"https:\/\/trendkidsalgerie.com\/index.php\/wp-json\/wp\/v2\/media\/8636"}],"wp:attachment":[{"href":"https:\/\/trendkidsalgerie.com\/index.php\/wp-json\/wp\/v2\/media?parent=2970"}],"wp:term":[{"taxonomy":"product_brand","embeddable":true,"href":"https:\/\/trendkidsalgerie.com\/index.php\/wp-json\/wp\/v2\/product_brand?post=2970"},{"taxonomy":"product_cat","embeddable":true,"href":"https:\/\/trendkidsalgerie.com\/index.php\/wp-json\/wp\/v2\/product_cat?post=2970"},{"taxonomy":"product_tag","embeddable":true,"href":"https:\/\/trendkidsalgerie.com\/index.php\/wp-json\/wp\/v2\/product_tag?post=2970"}],"curies":[{"name":"wp","href":"https:\/\/api.w.org\/{rel}","templated":true}]}}