{"id":2969,"date":"2025-02-05T22:36:07","date_gmt":"2025-02-05T21:36:07","guid":{"rendered":"http:\/\/localhost\/2025\/tchi\/wp\/v2\/index.php\/produit\/ensemble-enfant-garcon-de-03-pieces-3\/"},"modified":"2025-02-13T21:12:34","modified_gmt":"2025-02-13T20:12:34","slug":"ensemble-enfant-garcon-de-03-pieces-3","status":"publish","type":"product","link":"https:\/\/trendkidsalgerie.com\/index.php\/produit\/ensemble-enfant-garcon-de-03-pieces-3\/","title":{"rendered":"Ensemble enfant gar\u00e7on de 03 pieces"},"content":{"rendered":"<p>Ensemble enfant gar\u00e7on de 03 pieces (chemise ray\u00e9e en bleu clair 100% cotton,veste bleu 95% cotton et 5% \u00e9lasthane,pantalon jean bleu 95% cotton et 5% \u00e9lasthanne<\/p>\n","protected":false},"excerpt":{"rendered":"<p>Ensemble enfant gar\u00e7on de 03 pieces (chemise ray\u00e9e en bleu clair 100% cotton,veste bleu 95% cotton et 5% \u00e9lasthane,pantalon jean<\/p>\n","protected":false},"featured_media":1751,"comment_status":"open","ping_status":"closed","template":"","meta":[],"product_brand":[138],"product_cat":[56,57,78,60,76],"product_tag":[],"class_list":{"0":"post-2969","1":"product","2":"type-product","3":"status-publish","4":"has-post-thumbnail","6":"product_brand-monna-rosa-milano","7":"product_cat-enfant-fr","8":"product_cat-vetements-enfant-garcon-fr","9":"product_cat-ensemble-fr","10":"product_cat-ensemble-enfant-garcon-fr","11":"product_cat-vetements-fr","12":"pa_couleur-bleu-navy","13":"pa_taille-2-3-ans","15":"first","16":"instock","17":"taxable","18":"shipping-taxable","19":"purchasable","20":"product-type-variable"},"_links":{"self":[{"href":"https:\/\/trendkidsalgerie.com\/index.php\/wp-json\/wp\/v2\/product\/2969","targetHints":{"allow":["GET"]}}],"collection":[{"href":"https:\/\/trendkidsalgerie.com\/index.php\/wp-json\/wp\/v2\/product"}],"about":[{"href":"https:\/\/trendkidsalgerie.com\/index.php\/wp-json\/wp\/v2\/types\/product"}],"replies":[{"embeddable":true,"href":"https:\/\/trendkidsalgerie.com\/index.php\/wp-json\/wp\/v2\/comments?post=2969"}],"version-history":[{"count":1,"href":"https:\/\/trendkidsalgerie.com\/index.php\/wp-json\/wp\/v2\/product\/2969\/revisions"}],"predecessor-version":[{"id":3496,"href":"https:\/\/trendkidsalgerie.com\/index.php\/wp-json\/wp\/v2\/product\/2969\/revisions\/3496"}],"wp:featuredmedia":[{"embeddable":true,"href":"https:\/\/trendkidsalgerie.com\/index.php\/wp-json\/wp\/v2\/media\/1751"}],"wp:attachment":[{"href":"https:\/\/trendkidsalgerie.com\/index.php\/wp-json\/wp\/v2\/media?parent=2969"}],"wp:term":[{"taxonomy":"product_brand","embeddable":true,"href":"https:\/\/trendkidsalgerie.com\/index.php\/wp-json\/wp\/v2\/product_brand?post=2969"},{"taxonomy":"product_cat","embeddable":true,"href":"https:\/\/trendkidsalgerie.com\/index.php\/wp-json\/wp\/v2\/product_cat?post=2969"},{"taxonomy":"product_tag","embeddable":true,"href":"https:\/\/trendkidsalgerie.com\/index.php\/wp-json\/wp\/v2\/product_tag?post=2969"}],"curies":[{"name":"wp","href":"https:\/\/api.w.org\/{rel}","templated":true}]}}