{"id":2968,"date":"2025-02-05T22:36:06","date_gmt":"2025-02-05T21:36:06","guid":{"rendered":"http:\/\/localhost\/2025\/tchi\/wp\/v2\/index.php\/produit\/ensemble-enfant-garcon-de-03-pieces-2\/"},"modified":"2025-02-13T21:11:50","modified_gmt":"2025-02-13T20:11:50","slug":"ensemble-enfant-garcon-de-03-pieces-2","status":"publish","type":"product","link":"https:\/\/trendkidsalgerie.com\/index.php\/produit\/ensemble-enfant-garcon-de-03-pieces-2\/","title":{"rendered":"Ensemble enfant gar\u00e7on de 03 pieces"},"content":{"rendered":"<p>Ensemble enfant gar\u00e7on de 03 pieces (chemise beige ray\u00e9e 100% cotton,veste verte 55% cotton et 45% polyster,pantalon jean noir 95% cotton et 5% \u00e9lasthanne<\/p>\n","protected":false},"excerpt":{"rendered":"<p>Ensemble enfant gar\u00e7on de 03 pieces (chemise beige ray\u00e9e 100% cotton,veste verte 55% cotton et 45% polyster,pantalon jean noir 95%<\/p>\n","protected":false},"featured_media":1749,"comment_status":"open","ping_status":"closed","template":"","meta":[],"product_brand":[138],"product_cat":[56,57,78,60,76],"product_tag":[],"class_list":{"0":"post-2968","1":"product","2":"type-product","3":"status-publish","4":"has-post-thumbnail","6":"product_brand-monna-rosa-milano","7":"product_cat-enfant-fr","8":"product_cat-vetements-enfant-garcon-fr","9":"product_cat-ensemble-fr","10":"product_cat-ensemble-enfant-garcon-fr","11":"product_cat-vetements-fr","12":"pa_couleur-vert","13":"pa_taille-2-3-ans","14":"pa_taille-6-7-ans-2","16":"first","17":"instock","18":"taxable","19":"shipping-taxable","20":"purchasable","21":"product-type-variable"},"_links":{"self":[{"href":"https:\/\/trendkidsalgerie.com\/index.php\/wp-json\/wp\/v2\/product\/2968","targetHints":{"allow":["GET"]}}],"collection":[{"href":"https:\/\/trendkidsalgerie.com\/index.php\/wp-json\/wp\/v2\/product"}],"about":[{"href":"https:\/\/trendkidsalgerie.com\/index.php\/wp-json\/wp\/v2\/types\/product"}],"replies":[{"embeddable":true,"href":"https:\/\/trendkidsalgerie.com\/index.php\/wp-json\/wp\/v2\/comments?post=2968"}],"version-history":[{"count":1,"href":"https:\/\/trendkidsalgerie.com\/index.php\/wp-json\/wp\/v2\/product\/2968\/revisions"}],"predecessor-version":[{"id":3497,"href":"https:\/\/trendkidsalgerie.com\/index.php\/wp-json\/wp\/v2\/product\/2968\/revisions\/3497"}],"wp:featuredmedia":[{"embeddable":true,"href":"https:\/\/trendkidsalgerie.com\/index.php\/wp-json\/wp\/v2\/media\/1749"}],"wp:attachment":[{"href":"https:\/\/trendkidsalgerie.com\/index.php\/wp-json\/wp\/v2\/media?parent=2968"}],"wp:term":[{"taxonomy":"product_brand","embeddable":true,"href":"https:\/\/trendkidsalgerie.com\/index.php\/wp-json\/wp\/v2\/product_brand?post=2968"},{"taxonomy":"product_cat","embeddable":true,"href":"https:\/\/trendkidsalgerie.com\/index.php\/wp-json\/wp\/v2\/product_cat?post=2968"},{"taxonomy":"product_tag","embeddable":true,"href":"https:\/\/trendkidsalgerie.com\/index.php\/wp-json\/wp\/v2\/product_tag?post=2968"}],"curies":[{"name":"wp","href":"https:\/\/api.w.org\/{rel}","templated":true}]}}